{"id":1100,"date":"2024-08-23T15:52:29","date_gmt":"2024-08-23T15:52:29","guid":{"rendered":"https:\/\/klikreach.hr\/contact\/"},"modified":"2025-09-04T20:27:06","modified_gmt":"2025-09-04T20:27:06","slug":"kontakt","status":"publish","type":"page","link":"https:\/\/klikreach.hr\/en\/kontakt\/","title":{"rendered":"Contact"},"content":{"rendered":"<div class=\"wp-block-uagb-container uag-hide-mob uagb-layout-grid uagb-block-e63185fe alignfull uagb-is-root-container\"><div class=\"uagb-container-inner-blocks-wrap\">\n<div class=\"wp-block-uagb-advanced-heading uagb-block-6e7b9816\"><div class=\"uagb-separator\"><\/div><p class=\"uagb-heading-text\">Your Attractive Heading<\/p><\/div>\n\n\n\n<div class=\"wp-block-uagb-advanced-heading uagb-block-88cbb78a\"><h2 class=\"uagb-heading-text\">Contact<\/h2><\/div>\n<\/div><\/div>\n\n\n\n<div class=\"wp-block-uagb-container uag-hide-desktop uag-hide-tab uagb-block-egubmdyf alignfull uagb-is-root-container\"><div class=\"uagb-container-inner-blocks-wrap\">\n<div style=\"height:40px\" aria-hidden=\"true\" class=\"wp-block-spacer\"><\/div>\n\n\n\n<div class=\"wp-block-uagb-info-box uagb-block-sqqksr2w uagb-infobox__content-wrap  uagb-infobox-icon-above-title uagb-infobox-image-valign-top\"><div class=\"uagb-ifb-content\"><div class=\"uagb-ifb-title-wrap\"><h1 class=\"uagb-ifb-title\">Contact<\/h1><\/div><\/div><\/div>\n<\/div><\/div>\n\n\n\n<div style=\"height:100px\" aria-hidden=\"true\" class=\"wp-block-spacer\"><\/div>\n\n\n\n<div class=\"wp-block-uagb-container uagb-block-23c22026 alignwide uagb-is-root-container\">\n<div class=\"wp-block-uagb-container uagb-layout-flex uagb-block-5a77e9e4\">\n<div class=\"wp-block-uagb-forms uagb-forms__outer-wrap uagb-block-31d5d0fc uagb-forms__medium-btn\"><form class=\"uagb-forms-main-form\" method=\"post\" autocomplete=\"on\" name=\"uagb-form-31d5d0fc\" action=\"\">\n<div class=\"wp-block-uagb-forms-name uagb-forms-name-wrap uagb-forms-field-set uagb-block-3f235d9a uag-col-2\"><div class=\"uagb-forms-name-label required uagb-forms-input-label\" id=\"3f235d9a\">First name<\/div><input type=\"text\" placeholder=\"\" required class=\"uagb-forms-name-input uagb-forms-input\" name=\"3f235d9a\" autocomplete=\"off\"\/><\/div>\n\n\n\n<div class=\"wp-block-uagb-forms-name uagb-forms-name-wrap uagb-forms-field-set uagb-block-3096412b uag-col-2\"><div class=\"uagb-forms-name-label required uagb-forms-input-label\" id=\"3096412b\">Last name<\/div><input type=\"text\" placeholder=\"\" required class=\"uagb-forms-name-input uagb-forms-input\" name=\"3096412b\" autocomplete=\"off\"\/><\/div>\n\n\n\n<div class=\"wp-block-uagb-forms-email uagb-forms-email-wrap uagb-forms-field-set uagb-block-0cc1a0ba\"><div class=\"uagb-forms-email-label required uagb-forms-input-label\" id=\"0cc1a0ba\">E-mail<\/div><input type=\"email\" class=\"uagb-forms-email-input uagb-forms-input\" placeholder=\"\" required name=\"0cc1a0ba\" autocomplete=\"email\"\/><\/div>\n\n\n\n<div class=\"wp-block-uagb-forms-textarea uagb-forms-textarea-wrap uagb-forms-field-set uagb-block-1b8f3d27\"><div class=\"uagb-forms-textarea-label required uagb-forms-input-label\" id=\"1b8f3d27\">Message<\/div><textarea required class=\"uagb-forms-textarea-input uagb-forms-input\" rows=\"4\" placeholder=\"\" name=\"1b8f3d27\" autocomplete=\"off\"><\/textarea><\/div>\n<div class=\"uagb-forms-form-hidden-data\"><input type=\"hidden\" class=\"uagb_forms_form_label\" value=\"Spectra Form\"\/><input type=\"hidden\" class=\"uagb_forms_form_id\" value=\"uagb-form-31d5d0fc\"\/><\/div><div class=\"uagb-form-reacaptcha-error-31d5d0fc\"><\/div><div class=\"uagb-forms-main-submit-button-wrap wp-block-button\"><button class=\"uagb-forms-main-submit-button wp-block-button__link\"><div class=\"uagb-forms-main-submit-button-text\">Send<\/div><\/button><\/div><input type=\"hidden\" name=\"trp-form-language\" value=\"en\"\/><\/form><div class=\"uagb-forms-success-message-31d5d0fc uagb-forms-submit-message-hide\"><span>Poruka je poslana!<\/span><\/div><div class=\"uagb-forms-failed-message-31d5d0fc uagb-forms-submit-message-hide\"><span>Do\u0161lo je do pogre\u0161ke!\n\nPoku\u0161ajte ponovno.<\/span><\/div><\/div>\n\n\n\n<div class=\"wp-block-uagb-container uagb-block-888943c0\">\n<div class=\"wp-block-uagb-advanced-heading uagb-block-f828eb34\"><h5 class=\"uagb-heading-text\">For more information about our services and pricing, get in touch with us \u2013 we\u2019ll be happy to help!<\/h5><div class=\"uagb-separator\"><\/div><\/div>\n\n\n\n<div class=\"wp-block-uagb-icon-list uagb-block-60d36e82\"><div class=\"uagb-icon-list__wrap\">\n<div class=\"wp-block-uagb-icon-list-child uagb-block-3c3a2a76\"><span class=\"uagb-icon-list__source-wrap\"><svg xmlns=\"https:\/\/www.w3.org\/2000\/svg\" viewbox=\"0 0 512 512\"><path d=\"M464 64C490.5 64 512 85.49 512 112C512 127.1 504.9 141.3 492.8 150.4L275.2 313.6C263.8 322.1 248.2 322.1 236.8 313.6L19.2 150.4C7.113 141.3 0 127.1 0 112C0 85.49 21.49 64 48 64H464zM217.6 339.2C240.4 356.3 271.6 356.3 294.4 339.2L512 176V384C512 419.3 483.3 448 448 448H64C28.65 448 0 419.3 0 384V176L217.6 339.2z\"><\/path><\/svg><\/span><span class=\"uagb-icon-list__label\">info@klikreach.hr<\/span><\/div>\n\n\n\n<div class=\"wp-block-uagb-icon-list-child uagb-block-5bc526fa\"><span class=\"uagb-icon-list__source-wrap\"><svg xmlns=\"https:\/\/www.w3.org\/2000\/svg\" viewbox=\"0 0 384 512\"><path d=\"M384 192C384 279.4 267 435 215.7 499.2C203.4 514.5 180.6 514.5 168.3 499.2C116.1 435 0 279.4 0 192C0 85.96 85.96 0 192 0C298 0 384 85.96 384 192H384z\"><\/path><\/svg><\/span><span class=\"uagb-icon-list__label\">Zagreb, Croatia<\/span><\/div>\n<\/div><\/div>\n<\/div>\n<\/div>\n<\/div>\n\n\n\n<p><\/p>","protected":false},"excerpt":{"rendered":"<p>Your Attractive Heading Kontakt Slobodno nas kontaktirajte za sve informacije o cijenama, uslugama kao i o va\u0161im \u017eeljama.<\/p>","protected":false},"author":1,"featured_media":0,"parent":0,"menu_order":0,"comment_status":"closed","ping_status":"closed","template":"","meta":{"_uag_custom_page_level_css":"","site-sidebar-layout":"default","site-content-layout":"","ast-site-content-layout":"default","site-content-style":"default","site-sidebar-style":"default","ast-global-header-display":"","ast-banner-title-visibility":"","ast-main-header-display":"","ast-hfb-above-header-display":"","ast-hfb-below-header-display":"","ast-hfb-mobile-header-display":"","site-post-title":"disabled","ast-breadcrumbs-content":"","ast-featured-img":"","footer-sml-layout":"","ast-disable-related-posts":"","theme-transparent-header-meta":"enabled","adv-header-id-meta":"","stick-header-meta":"","header-above-stick-meta":"","header-main-stick-meta":"","header-below-stick-meta":"","astra-migrate-meta-layouts":"set","ast-page-background-enabled":"default","ast-page-background-meta":{"desktop":{"background-color":"var(--ast-global-color-4)","background-image":"","background-repeat":"repeat","background-position":"center center","background-size":"auto","background-attachment":"scroll","background-type":"","background-media":"","overlay-type":"","overlay-color":"","overlay-opacity":"","overlay-gradient":""},"tablet":{"background-color":"","background-image":"","background-repeat":"repeat","background-position":"center center","background-size":"auto","background-attachment":"scroll","background-type":"","background-media":"","overlay-type":"","overlay-color":"","overlay-opacity":"","overlay-gradient":""},"mobile":{"background-color":"","background-image":"","background-repeat":"repeat","background-position":"center center","background-size":"auto","background-attachment":"scroll","background-type":"","background-media":"","overlay-type":"","overlay-color":"","overlay-opacity":"","overlay-gradient":""}},"ast-content-background-meta":{"desktop":{"background-color":"var(--ast-global-color-5)","background-image":"","background-repeat":"repeat","background-position":"center center","background-size":"auto","background-attachment":"scroll","background-type":"","background-media":"","overlay-type":"","overlay-color":"","overlay-opacity":"","overlay-gradient":""},"tablet":{"background-color":"var(--ast-global-color-5)","background-image":"","background-repeat":"repeat","background-position":"center center","background-size":"auto","background-attachment":"scroll","background-type":"","background-media":"","overlay-type":"","overlay-color":"","overlay-opacity":"","overlay-gradient":""},"mobile":{"background-color":"var(--ast-global-color-5)","background-image":"","background-repeat":"repeat","background-position":"center center","background-size":"auto","background-attachment":"scroll","background-type":"","background-media":"","overlay-type":"","overlay-color":"","overlay-opacity":"","overlay-gradient":""}},"footnotes":""},"class_list":["post-1100","page","type-page","status-publish","hentry"],"yoast_head":"<!-- This site is optimized with the Yoast SEO plugin v27.3 - https:\/\/yoast.com\/product\/yoast-seo-wordpress\/ -->\n<title>Kontakt - usluge vo\u0111enja dru\u0161tvenih mre\u017ea - Digitalni marketing<\/title>\n<meta name=\"description\" content=\"Nudimo vam usluge vo\u0111enja dru\u0161tvenih mre\u017ea, brendinga i izrade web stranica - Budite uvijek prisutni - Javite nam se za ponudu!\" \/>\n<meta name=\"robots\" content=\"index, follow, max-snippet:-1, max-image-preview:large, max-video-preview:-1\" \/>\n<link rel=\"canonical\" href=\"https:\/\/klikreach.hr\/en\/kontakt\/\" \/>\n<meta property=\"og:locale\" content=\"en_US\" \/>\n<meta property=\"og:type\" content=\"article\" \/>\n<meta property=\"og:title\" content=\"Kontakt - usluge vo\u0111enja dru\u0161tvenih mre\u017ea - Digitalni marketing\" \/>\n<meta property=\"og:description\" content=\"Nudimo vam usluge vo\u0111enja dru\u0161tvenih mre\u017ea, brendinga i izrade web stranica - Budite uvijek prisutni - Javite nam se za ponudu!\" \/>\n<meta property=\"og:url\" content=\"https:\/\/klikreach.hr\/en\/kontakt\/\" \/>\n<meta property=\"og:site_name\" content=\"Vo\u0111enje dru\u0161tvenih mre\u017ea i izrada web stranica\" \/>\n<meta property=\"article:publisher\" content=\"https:\/\/www.facebook.com\/profile.php?id=61560902353619\" \/>\n<meta property=\"article:modified_time\" content=\"2025-09-04T20:27:06+00:00\" \/>\n<meta property=\"og:image\" content=\"https:\/\/klikreach.hr\/wp-content\/uploads\/2024\/09\/klikreach-s-pozadinom.png\" \/>\n\t<meta property=\"og:image:width\" content=\"500\" \/>\n\t<meta property=\"og:image:height\" content=\"500\" \/>\n\t<meta property=\"og:image:type\" content=\"image\/png\" \/>\n<meta name=\"twitter:card\" content=\"summary_large_image\" \/>\n<meta name=\"twitter:label1\" content=\"Est. reading time\" \/>\n\t<meta name=\"twitter:data1\" content=\"1 minute\" \/>\n<script type=\"application\/ld+json\" class=\"yoast-schema-graph\">{\"@context\":\"https:\\\/\\\/schema.org\",\"@graph\":[{\"@type\":\"WebPage\",\"@id\":\"https:\\\/\\\/klikreach.hr\\\/kontakt\\\/\",\"url\":\"https:\\\/\\\/klikreach.hr\\\/kontakt\\\/\",\"name\":\"Kontakt - usluge vo\u0111enja dru\u0161tvenih mre\u017ea - Digitalni marketing\",\"isPartOf\":{\"@id\":\"https:\\\/\\\/klikreach.hr\\\/#website\"},\"datePublished\":\"2024-08-23T15:52:29+00:00\",\"dateModified\":\"2025-09-04T20:27:06+00:00\",\"description\":\"Nudimo vam usluge vo\u0111enja dru\u0161tvenih mre\u017ea, brendinga i izrade web stranica - Budite uvijek prisutni - Javite nam se za ponudu!\",\"breadcrumb\":{\"@id\":\"https:\\\/\\\/klikreach.hr\\\/kontakt\\\/#breadcrumb\"},\"inLanguage\":\"en-US\",\"potentialAction\":[{\"@type\":\"ReadAction\",\"target\":[\"https:\\\/\\\/klikreach.hr\\\/kontakt\\\/\"]}]},{\"@type\":\"BreadcrumbList\",\"@id\":\"https:\\\/\\\/klikreach.hr\\\/kontakt\\\/#breadcrumb\",\"itemListElement\":[{\"@type\":\"ListItem\",\"position\":1,\"name\":\"Home\",\"item\":\"https:\\\/\\\/klikreach.hr\\\/\"},{\"@type\":\"ListItem\",\"position\":2,\"name\":\"Kontakt\"}]},{\"@type\":\"WebSite\",\"@id\":\"https:\\\/\\\/klikreach.hr\\\/#website\",\"url\":\"https:\\\/\\\/klikreach.hr\\\/\",\"name\":\"Klikreach\",\"description\":\"Klikni i lansiraj se na tr\u017ei\u0161te!\",\"publisher\":{\"@id\":\"https:\\\/\\\/klikreach.hr\\\/#organization\"},\"alternateName\":\"Izrada web stranica i vo\u0111enje dru\u0161tvenih mre\u017ea\",\"potentialAction\":[{\"@type\":\"SearchAction\",\"target\":{\"@type\":\"EntryPoint\",\"urlTemplate\":\"https:\\\/\\\/klikreach.hr\\\/?s={search_term_string}\"},\"query-input\":{\"@type\":\"PropertyValueSpecification\",\"valueRequired\":true,\"valueName\":\"search_term_string\"}}],\"inLanguage\":\"en-US\"},{\"@type\":\"Organization\",\"@id\":\"https:\\\/\\\/klikreach.hr\\\/#organization\",\"name\":\"Izrada web stranica i vo\u0111enje dru\u0161tvenih mre\u017ea\",\"alternateName\":\"Klikreach\",\"url\":\"https:\\\/\\\/klikreach.hr\\\/\",\"logo\":{\"@type\":\"ImageObject\",\"inLanguage\":\"en-US\",\"@id\":\"https:\\\/\\\/klikreach.hr\\\/#\\\/schema\\\/logo\\\/image\\\/\",\"url\":\"https:\\\/\\\/klikreach.hr\\\/wp-content\\\/uploads\\\/2024\\\/09\\\/klikreach-s-pozadinom.png\",\"contentUrl\":\"https:\\\/\\\/klikreach.hr\\\/wp-content\\\/uploads\\\/2024\\\/09\\\/klikreach-s-pozadinom.png\",\"width\":500,\"height\":500,\"caption\":\"Izrada web stranica i vo\u0111enje dru\u0161tvenih mre\u017ea\"},\"image\":{\"@id\":\"https:\\\/\\\/klikreach.hr\\\/#\\\/schema\\\/logo\\\/image\\\/\"},\"sameAs\":[\"https:\\\/\\\/www.facebook.com\\\/profile.php?id=61560902353619\",\"https:\\\/\\\/www.instagram.com\\\/klikreach.hr\\\/\"]}]}<\/script>\n<!-- \/ Yoast SEO plugin. -->","yoast_head_json":{"title":"Kontakt - usluge vo\u0111enja dru\u0161tvenih mre\u017ea - Digitalni marketing","description":"Nudimo vam usluge vo\u0111enja dru\u0161tvenih mre\u017ea, brendinga i izrade web stranica - Budite uvijek prisutni - Javite nam se za ponudu!","robots":{"index":"index","follow":"follow","max-snippet":"max-snippet:-1","max-image-preview":"max-image-preview:large","max-video-preview":"max-video-preview:-1"},"canonical":"https:\/\/klikreach.hr\/en\/kontakt\/","og_locale":"en_US","og_type":"article","og_title":"Kontakt - usluge vo\u0111enja dru\u0161tvenih mre\u017ea - Digitalni marketing","og_description":"Nudimo vam usluge vo\u0111enja dru\u0161tvenih mre\u017ea, brendinga i izrade web stranica - Budite uvijek prisutni - Javite nam se za ponudu!","og_url":"https:\/\/klikreach.hr\/en\/kontakt\/","og_site_name":"Vo\u0111enje dru\u0161tvenih mre\u017ea i izrada web stranica","article_publisher":"https:\/\/www.facebook.com\/profile.php?id=61560902353619","article_modified_time":"2025-09-04T20:27:06+00:00","og_image":[{"width":500,"height":500,"url":"https:\/\/klikreach.hr\/wp-content\/uploads\/2024\/09\/klikreach-s-pozadinom.png","type":"image\/png"}],"twitter_card":"summary_large_image","twitter_misc":{"Est. reading time":"1 minute"},"schema":{"@context":"https:\/\/schema.org","@graph":[{"@type":"WebPage","@id":"https:\/\/klikreach.hr\/kontakt\/","url":"https:\/\/klikreach.hr\/kontakt\/","name":"Kontakt - usluge vo\u0111enja dru\u0161tvenih mre\u017ea - Digitalni marketing","isPartOf":{"@id":"https:\/\/klikreach.hr\/#website"},"datePublished":"2024-08-23T15:52:29+00:00","dateModified":"2025-09-04T20:27:06+00:00","description":"Nudimo vam usluge vo\u0111enja dru\u0161tvenih mre\u017ea, brendinga i izrade web stranica - Budite uvijek prisutni - Javite nam se za ponudu!","breadcrumb":{"@id":"https:\/\/klikreach.hr\/kontakt\/#breadcrumb"},"inLanguage":"en-US","potentialAction":[{"@type":"ReadAction","target":["https:\/\/klikreach.hr\/kontakt\/"]}]},{"@type":"BreadcrumbList","@id":"https:\/\/klikreach.hr\/kontakt\/#breadcrumb","itemListElement":[{"@type":"ListItem","position":1,"name":"Home","item":"https:\/\/klikreach.hr\/"},{"@type":"ListItem","position":2,"name":"Kontakt"}]},{"@type":"WebSite","@id":"https:\/\/klikreach.hr\/#website","url":"https:\/\/klikreach.hr\/","name":"Klikreach","description":"Klikni i lansiraj se na tr\u017ei\u0161te!","publisher":{"@id":"https:\/\/klikreach.hr\/#organization"},"alternateName":"Izrada web stranica i vo\u0111enje dru\u0161tvenih mre\u017ea","potentialAction":[{"@type":"SearchAction","target":{"@type":"EntryPoint","urlTemplate":"https:\/\/klikreach.hr\/?s={search_term_string}"},"query-input":{"@type":"PropertyValueSpecification","valueRequired":true,"valueName":"search_term_string"}}],"inLanguage":"en-US"},{"@type":"Organization","@id":"https:\/\/klikreach.hr\/#organization","name":"Izrada web stranica i vo\u0111enje dru\u0161tvenih mre\u017ea","alternateName":"Klikreach","url":"https:\/\/klikreach.hr\/","logo":{"@type":"ImageObject","inLanguage":"en-US","@id":"https:\/\/klikreach.hr\/#\/schema\/logo\/image\/","url":"https:\/\/klikreach.hr\/wp-content\/uploads\/2024\/09\/klikreach-s-pozadinom.png","contentUrl":"https:\/\/klikreach.hr\/wp-content\/uploads\/2024\/09\/klikreach-s-pozadinom.png","width":500,"height":500,"caption":"Izrada web stranica i vo\u0111enje dru\u0161tvenih mre\u017ea"},"image":{"@id":"https:\/\/klikreach.hr\/#\/schema\/logo\/image\/"},"sameAs":["https:\/\/www.facebook.com\/profile.php?id=61560902353619","https:\/\/www.instagram.com\/klikreach.hr\/"]}]}},"uagb_featured_image_src":{"full":false,"thumbnail":false,"medium":false,"medium_large":false,"large":false,"1536x1536":false,"2048x2048":false,"trp-custom-language-flag":false},"uagb_author_info":{"display_name":"petric.viktorija@gmail.com","author_link":"https:\/\/klikreach.hr\/en\/author\/petric-viktorijagmail-com\/"},"uagb_comment_info":0,"uagb_excerpt":"Your Attractive Heading Kontakt Slobodno nas kontaktirajte za sve informacije o cijenama, uslugama kao i o va\u0161im \u017eeljama.","_links":{"self":[{"href":"https:\/\/klikreach.hr\/en\/wp-json\/wp\/v2\/pages\/1100","targetHints":{"allow":["GET"]}}],"collection":[{"href":"https:\/\/klikreach.hr\/en\/wp-json\/wp\/v2\/pages"}],"about":[{"href":"https:\/\/klikreach.hr\/en\/wp-json\/wp\/v2\/types\/page"}],"author":[{"embeddable":true,"href":"https:\/\/klikreach.hr\/en\/wp-json\/wp\/v2\/users\/1"}],"replies":[{"embeddable":true,"href":"https:\/\/klikreach.hr\/en\/wp-json\/wp\/v2\/comments?post=1100"}],"version-history":[{"count":47,"href":"https:\/\/klikreach.hr\/en\/wp-json\/wp\/v2\/pages\/1100\/revisions"}],"predecessor-version":[{"id":2961,"href":"https:\/\/klikreach.hr\/en\/wp-json\/wp\/v2\/pages\/1100\/revisions\/2961"}],"wp:attachment":[{"href":"https:\/\/klikreach.hr\/en\/wp-json\/wp\/v2\/media?parent=1100"}],"curies":[{"name":"wp","href":"https:\/\/api.w.org\/{rel}","templated":true}]}}